{"id":8540,"date":"2017-03-10T16:26:37","date_gmt":"2017-03-10T16:26:37","guid":{"rendered":"http:\/\/serralleriarcm.com\/locksmith-company\/"},"modified":"2017-03-10T16:48:20","modified_gmt":"2017-03-10T16:48:20","slug":"locksmith-company","status":"publish","type":"page","link":"https:\/\/serralleriarcm.com\/en\/locksmith-company\/","title":{"rendered":"lockmith company"},"content":{"rendered":"<p>[vc_row full_width=&#8221;stretch_row&#8221; bg_type=&#8221;image&#8221; parallax_style=&#8221;vcpb-vz-jquery&#8221; bg_image_new=&#8221;id^8086|url^http:\/\/serralleriarcm.com\/wp-content\/uploads\/2016\/04\/empresa-cerrajeria-reus.jpg|caption^empresa-de-cerrajer\u00eda-reus|alt^empresa-de-cerrajer\u00eda-reus|title^empresa-de-cerrajer\u00eda-reus|description^empresa-de-cerrajer\u00eda-reus&#8221; disable_on_mobile_img_parallax=&#8221;disable_on_mobile_img_parallax_value&#8221; css=&#8221;.vc_custom_1488195101292{padding-top: 300px !important;padding-bottom: 100px !important;}&#8221;][vc_column]<div id=\"ultimate-heading-63769f466ebc7736\" class=\"uvc-heading ult-adjust-bottom-margin ultimate-heading-63769f466ebc7736 uvc-4111 \" data-hspacer=\"line_only\"  data-halign=\"center\" style=\"text-align:center\"><div class=\"uvc-main-heading ult-responsive\"  data-ultimate-target='.uvc-heading.ultimate-heading-63769f466ebc7736 h2'  data-responsive-json-new='{\"font-size\":\"\",\"line-height\":\"\"}' ><h2 style=\"font-weight:800;color:#ffffff;margin-bottom:10px;\">LOCKSMITH COMPANY <\/h2><\/div><div class=\"uvc-sub-heading ult-responsive\"  data-ultimate-target='.uvc-heading.ultimate-heading-63769f466ebc7736 .uvc-sub-heading '  data-responsive-json-new='{\"font-size\":\"\",\"line-height\":\"\"}'  style=\"font-weight:normal;font-style:normal;color:#f9f9f9;\">15 YEARS OFFERING LOCKSMITH SERVICES<\/div><div class=\"uvc-heading-spacer line_only\" style=\"margin-top:10px;height:1px;\"><span class=\"uvc-headings-line\" style=\"border-style:solid;border-bottom-width:1px;border-color:#ff0000;width:80px;\"><\/span><\/div><\/div>[vc_empty_space height=&#8221;30px&#8221;][\/vc_column][\/vc_row][vc_row][vc_column]<div class=\"ult-spacer spacer-69f466ebc7753\" data-id=\"69f466ebc7753\" data-height=\"80\" data-height-mobile=\"80\" data-height-tab=\"80\" data-height-tab-portrait=\"\" data-height-mobile-landscape=\"\" style=\"clear:both;display:block;\"><\/div><div id=\"ultimate-heading-36769f466ebc776c\" class=\"uvc-heading ult-adjust-bottom-margin ultimate-heading-36769f466ebc776c uvc-501 \" data-hspacer=\"no_spacer\"  data-halign=\"center\" style=\"text-align:center\"><div class=\"uvc-heading-spacer no_spacer\" style=\"top\"><\/div><div class=\"uvc-main-heading ult-responsive\"  data-ultimate-target='.uvc-heading.ultimate-heading-36769f466ebc776c h2'  data-responsive-json-new='{\"font-size\":\"\",\"line-height\":\"\"}' ><h2 style=\"font-weight:800;color:#ff0000;\">SERRALLERIA RCM<\/h2><\/div><div class=\"uvc-sub-heading ult-responsive\"  data-ultimate-target='.uvc-heading.ultimate-heading-36769f466ebc776c .uvc-sub-heading '  data-responsive-json-new='{\"font-size\":\"desktop:22px;\",\"line-height\":\"\"}'  style=\"font-weight:800;color:#000000;\">Todo tipo de servicios de cerrajer\u00eda en Tarragona<\/div><\/div><div class=\"ult-spacer spacer-69f466ebc777c\" data-id=\"69f466ebc777c\" data-height=\"40\" data-height-mobile=\"40\" data-height-tab=\"40\" data-height-tab-portrait=\"\" data-height-mobile-landscape=\"\" style=\"clear:both;display:block;\"><\/div>[vc_row_inner][vc_column_inner el_class=&#8221;justificado&#8221; width=&#8221;1\/2&#8243; css=&#8221;.vc_custom_1487161552788{background-color: #ffffff !important;}&#8221;][vc_column_text el_class=&#8221;justificado&#8221;]Serralleria RCM is a company with more than 15 years of experience as a locksmith company in Reus and Tarragona.<\/p>\n<p>During these years our company has been consolidated as a reference company in Tarragona province in projects of <strong><u>metal structures<\/u><\/strong>, <a href=\"https:\/\/serralleriarcm.com\/en\/metal-locksmith-in-reus\/\"><strong>industrial locksmith<\/strong>, <\/a><strong>metal locksmith or metal enclosures, <\/strong>among other services.<\/p>\n<p>RCM has become a trustful company for most of the main building and chemical industry enterprises in the area.<\/p>\n<p>Nowadays we conduct all kinds of metal locksmith projects at a national level. RCM carries out all types of <strong>general metal locksmith<\/strong> and <strong>enclosure<\/strong> projects for companies and for particulars.<\/p>\n<p>Since 2015, Serralleria RCM has incorporated to its services <strong>polyester technical coverings and PRFV<\/strong>, known as <a href=\"https:\/\/serralleriarcm.com\/en\/pultrusion\/\"><strong>pultrusion<\/strong><\/a><strong>. <\/strong><\/p>\n<p>As a pioneer company in Tarragona province in pultrusion manufacturing, our main services are focused on the petrochemical, port industry, treatment plants, manufacturing industry, places where there are often <strong>corrosion problems<\/strong> in the elements, where the <strong>polyester coverings<\/strong> are essential.[\/vc_column_text][\/vc_column_inner][vc_column_inner width=&#8221;1\/2&#8243;][vc_single_image image=&#8221;8471&#8243; img_size=&#8221;full&#8221;][\/vc_column_inner][\/vc_row_inner]<div class=\"ult-spacer spacer-69f466ebc7786\" data-id=\"69f466ebc7786\" data-height=\"80\" data-height-mobile=\"80\" data-height-tab=\"80\" data-height-tab-portrait=\"\" data-height-mobile-landscape=\"\" style=\"clear:both;display:block;\"><\/div>[\/vc_column][\/vc_row][vc_row full_width=&#8221;stretch_row_content_no_spaces&#8221;][vc_column][vc_media_grid element_width=&#8221;3&#8243; item=&#8221;mediaGrid_FadeInWithIcon&#8221; initial_loading_animation=&#8221;fadeInUp&#8221; grid_id=&#8221;vc_gid:1489163249633-68191ba0-c876-8&#8243; include=&#8221;8479,8478,8477,8475&#8243;][\/vc_column][\/vc_row][vc_row full_width=&#8221;stretch_row&#8221; css=&#8221;.vc_custom_1488447107636{padding-top: 50px !important;padding-bottom: 50px !important;}&#8221;][vc_column][vc_column_text el_class=&#8221;justificado&#8221;]<strong>STAFF <\/strong><\/p>\n<p>Firstly, in Serrraleria RCM we have a big professional staff very experienced and specifically trained.<\/p>\n<p>For RCM it is very important to fulfil all the <strong>PRL regulations<\/strong> when carrying out any project.<\/p>\n<p>Secondly, our working staff uses adequately all the<strong> EPIs<\/strong> needed.<\/p>\n<p>Thirdly, from the company we are committed to the environment and we work to use methods and materials that respect the maximum <strong>sustainability and environment<\/strong>.[\/vc_column_text][\/vc_column][\/vc_row][vc_row css=&#8221;.vc_custom_1435767009501{margin-top: 40px !important;margin-bottom: 60px !important;}&#8221;][vc_column]<div class=\"ult-spacer spacer-69f466ebc7790\" data-id=\"69f466ebc7790\" data-height=\"40\" data-height-mobile=\"40\" data-height-tab=\"40\" data-height-tab-portrait=\"\" data-height-mobile-landscape=\"\" style=\"clear:both;display:block;\"><\/div><div id=\"ultimate-heading-888969f466ebc77a4\" class=\"uvc-heading ult-adjust-bottom-margin ultimate-heading-888969f466ebc77a4 uvc-1466 \" data-hspacer=\"no_spacer\"  data-halign=\"center\" style=\"text-align:center\"><div class=\"uvc-heading-spacer no_spacer\" style=\"top\"><\/div><div class=\"uvc-main-heading ult-responsive\"  data-ultimate-target='.uvc-heading.ultimate-heading-888969f466ebc77a4 h2'  data-responsive-json-new='{\"font-size\":\"\",\"line-height\":\"\"}' ><h2 style=\"font-weight:800;color:#ff0000;\">COMPANY WHO TRUST US<\/h2><\/div><\/div><div class=\"ult-spacer spacer-69f466ebc77af\" data-id=\"69f466ebc77af\" data-height=\"40\" data-height-mobile=\"40\" data-height-tab=\"40\" data-height-tab-portrait=\"\" data-height-mobile-landscape=\"\" style=\"clear:both;display:block;\"><\/div><div id=\"partners-1\" class=\"partners-container noscroller innerborder innerbordercolor-#eaeaea\"><div class=\"partner-item col-md-3\" style=\"height: 130px;line-height: 130px;\"><a target=\"_blank\" href=\"\" ><img decoding=\"async\" title=\"garcia riera\" src=\"https:\/\/serralleriarcm.com\/wp-content\/uploads\/2017\/02\/garcia-riera.png\" \/><\/a><\/div><div class=\"partner-item col-md-3\" style=\"height: 130px;line-height: 130px;\"><a target=\"_blank\" href=\"\" ><img decoding=\"async\" title=\"carbonell figueras\" src=\"https:\/\/serralleriarcm.com\/wp-content\/uploads\/2016\/12\/logo-2.png\" \/><\/a><\/div><div class=\"partner-item col-md-3\" style=\"height: 130px;line-height: 130px;\"><a target=\"_blank\" href=\"\" ><img decoding=\"async\" title=\"bayer\" src=\"https:\/\/serralleriarcm.com\/wp-content\/uploads\/2016\/04\/bayer.png\" \/><\/a><\/div><div class=\"partner-item col-md-3\" style=\"height: 130px;line-height: 130px;\"><a target=\"_blank\" href=\"\" ><img decoding=\"async\" title=\"clariant\" src=\"https:\/\/serralleriarcm.com\/wp-content\/uploads\/2016\/12\/clariant.png\" \/><\/a><\/div><div class=\"partner-item col-md-3\" style=\"height: 130px;line-height: 130px;\"><a target=\"_blank\" href=\"\" ><img decoding=\"async\" title=\"erlinklinger\" src=\"https:\/\/serralleriarcm.com\/wp-content\/uploads\/2016\/12\/elring.png\" \/><\/a><\/div><div class=\"partner-item col-md-3\" style=\"height: 130px;line-height: 130px;\"><a target=\"_blank\" href=\"\" ><img decoding=\"async\" title=\"enagas\" src=\"https:\/\/serralleriarcm.com\/wp-content\/uploads\/2016\/12\/enagas.png\" \/><\/a><\/div><div class=\"partner-item col-md-3\" style=\"height: 130px;line-height: 130px;\"><a target=\"_blank\" href=\"\" ><img decoding=\"async\" title=\"gicsa\" src=\"https:\/\/serralleriarcm.com\/wp-content\/uploads\/2016\/12\/cigsa.png\" \/><\/a><\/div><div class=\"partner-item col-md-3\" style=\"height: 130px;line-height: 130px;\"><a target=\"_blank\" href=\"\" ><img decoding=\"async\" title=\"anav\" src=\"https:\/\/serralleriarcm.com\/wp-content\/uploads\/2016\/12\/anav.png\" \/><\/a><\/div><div class=\"partner-item col-md-3\" style=\"height: 130px;line-height: 130px;\"><a target=\"_blank\" href=\"\" ><img decoding=\"async\" title=\"sorigue\" src=\"https:\/\/serralleriarcm.com\/wp-content\/uploads\/2016\/12\/sorigue.png\" \/><\/a><\/div><div class=\"partner-item col-md-3\" style=\"height: 130px;line-height: 130px;\"><a target=\"_blank\" href=\"\" ><img decoding=\"async\" title=\"empresa-cerrajeria-salou-portaventura\" src=\"https:\/\/serralleriarcm.com\/wp-content\/uploads\/2016\/12\/Logo_PortAventura.png\" \/><\/a><\/div><div class=\"partner-item col-md-3\" style=\"height: 130px;line-height: 130px;\"><a target=\"_blank\" href=\"\" ><img decoding=\"async\" title=\"cerrajeria-metalica-vilaseca-ocines\" src=\"https:\/\/serralleriarcm.com\/wp-content\/uploads\/2016\/12\/Ocine.png\" \/><\/a><\/div><div class=\"partner-item col-md-3\" style=\"height: 130px;line-height: 130px;\"><a target=\"_blank\" href=\"\" ><img decoding=\"async\" title=\"cerrajeria-metalica-barcelona-mediamarkt\" src=\"https:\/\/serralleriarcm.com\/wp-content\/uploads\/2016\/12\/Media-Markt-vector-logo.png\" \/><\/a><\/div><\/div><script type=\"text\/javascript\">\n\t\t\t\t\t\tjQuery(document).ready(function(){ jQuery('#partners-1.withtooltip .partner-item a, #partners-1.withtooltip .carousel-item a').tooltip(); });\n\t\t\t\t\t\t<\/script>[\/vc_column][\/vc_row]<\/p>\n","protected":false},"excerpt":{"rendered":"<p>[vc_row full_width=&#8221;stretch_row&#8221; bg_type=&#8221;image&#8221; parallax_style=&#8221;vcpb-vz-jquery&#8221; bg_image_new=&#8221;id^8086|url^http:\/\/serralleriarcm.com\/wp-content\/uploads\/2016\/04\/empresa-cerrajeria-reus.jpg|caption^empresa-de-cerrajer\u00eda-reus|alt^empresa-de-cerrajer\u00eda-reus|title^empresa-de-cerrajer\u00eda-reus|description^empresa-de-cerrajer\u00eda-reus&#8221; disable_on_mobile_img_parallax=&#8221;disable_on_mobile_img_parallax_value&#8221; css=&#8221;.vc_custom_1488195101292{padding-top: 300px !important;padding-bottom: 100px !important;}&#8221;][vc_column][vc_empty_space height=&#8221;30px&#8221;][\/vc_column][\/vc_row][vc_row][vc_column][vc_row_inner][vc_column_inner el_class=&#8221;justificado&#8221; width=&#8221;1\/2&#8243; css=&#8221;.vc_custom_1487161552788{background-color: #ffffff !important;}&#8221;][vc_column_text el_class=&#8221;justificado&#8221;]Serralleria RCM is a company with more than 15 years of experience as a locksmith company in Reus and Tarragona. During these years our company has been consolidated as a reference company in Tarragona province in projects of [&hellip;]<\/p>\n","protected":false},"author":1,"featured_media":0,"parent":0,"menu_order":0,"comment_status":"closed","ping_status":"closed","template":"page.php","meta":{"footnotes":""},"_links":{"self":[{"href":"https:\/\/serralleriarcm.com\/en\/wp-json\/wp\/v2\/pages\/8540"}],"collection":[{"href":"https:\/\/serralleriarcm.com\/en\/wp-json\/wp\/v2\/pages"}],"about":[{"href":"https:\/\/serralleriarcm.com\/en\/wp-json\/wp\/v2\/types\/page"}],"author":[{"embeddable":true,"href":"https:\/\/serralleriarcm.com\/en\/wp-json\/wp\/v2\/users\/1"}],"replies":[{"embeddable":true,"href":"https:\/\/serralleriarcm.com\/en\/wp-json\/wp\/v2\/comments?post=8540"}],"version-history":[{"count":5,"href":"https:\/\/serralleriarcm.com\/en\/wp-json\/wp\/v2\/pages\/8540\/revisions"}],"predecessor-version":[{"id":8545,"href":"https:\/\/serralleriarcm.com\/en\/wp-json\/wp\/v2\/pages\/8540\/revisions\/8545"}],"wp:attachment":[{"href":"https:\/\/serralleriarcm.com\/en\/wp-json\/wp\/v2\/media?parent=8540"}],"curies":[{"name":"wp","href":"https:\/\/api.w.org\/{rel}","templated":true}]}}